{"id":10,"date":"2011-01-17T21:26:48","date_gmt":"2011-01-17T20:26:48","guid":{"rendered":"http:\/\/s354454384.onlinehome.fr\/"},"modified":"2025-12-15T10:39:19","modified_gmt":"2025-12-15T09:39:19","slug":"consultations","status":"publish","type":"page","link":"https:\/\/www.osteopathe-florent-paris.fr\/?page_id=10","title":{"rendered":"Consultations ost\u00e9opathiques"},"content":{"rendered":"\t\t<div data-elementor-type=\"wp-page\" data-elementor-id=\"10\" class=\"elementor elementor-10\" data-elementor-post-type=\"page\">\n\t\t\t\t<div class=\"elementor-element elementor-element-6ef389f e-con-full e-flex e-con e-parent\" data-id=\"6ef389f\" data-element_type=\"container\" data-e-type=\"container\" data-settings=\"{&quot;background_background&quot;:&quot;classic&quot;}\">\n\t\t\t\t<div class=\"elementor-element elementor-element-48715dc6 elementor-widget__width-inherit elementor-widget elementor-widget-heading\" data-id=\"48715dc6\" data-element_type=\"widget\" data-e-type=\"widget\" data-widget_type=\"heading.default\">\n\t\t\t\t\t<h2 class=\"elementor-heading-title elementor-size-default\">D\u00e9roulement d'une consultation<\/h2>\t\t\t\t<\/div>\n\t\t<div class=\"elementor-element elementor-element-2307e740 e-con-full e-flex e-con e-child\" data-id=\"2307e740\" data-element_type=\"container\" data-e-type=\"container\">\n\t\t\t\t<div class=\"elementor-element elementor-element-79bb6077 elementor-widget__width-initial elementor-widget-mobile__width-inherit elementor-widget elementor-widget-testimonial\" data-id=\"79bb6077\" data-element_type=\"widget\" data-e-type=\"widget\" data-widget_type=\"testimonial.default\">\n\t\t\t\t\t\t\t<div class=\"elementor-testimonial-wrapper\">\n\t\t\t\t\t\t\t<div class=\"elementor-testimonial-content\">L'ost\u00e9opathe  \u00e9tablit un interrogatoire pr\u00e9cis afin de cibler le motif de consultation du patient ainsi que ses ant\u00e9c\u00e9dents m\u00e9dicaux, traumatiques, chirurgicaux.<\/div>\n\t\t\t\n\t\t\t\t\t\t<div class=\"elementor-testimonial-meta elementor-has-image elementor-testimonial-image-position-aside\">\n\t\t\t\t<div class=\"elementor-testimonial-meta-inner\">\n\t\t\t\t\t\t\t\t\t\t\t<div class=\"elementor-testimonial-image\">\n\t\t\t\t\t\t\t<img fetchpriority=\"high\" decoding=\"async\" width=\"1280\" height=\"720\" src=\"https:\/\/www.osteopathe-florent-paris.fr\/wp-content\/uploads\/2024\/10\/back-pain-6949392_1280.jpg\" class=\"attachment-full size-full wp-image-705\" alt=\"\" srcset=\"https:\/\/www.osteopathe-florent-paris.fr\/wp-content\/uploads\/2024\/10\/back-pain-6949392_1280.jpg 1280w, https:\/\/www.osteopathe-florent-paris.fr\/wp-content\/uploads\/2024\/10\/back-pain-6949392_1280-300x169.jpg 300w, https:\/\/www.osteopathe-florent-paris.fr\/wp-content\/uploads\/2024\/10\/back-pain-6949392_1280-1024x576.jpg 1024w, https:\/\/www.osteopathe-florent-paris.fr\/wp-content\/uploads\/2024\/10\/back-pain-6949392_1280-768x432.jpg 768w, https:\/\/www.osteopathe-florent-paris.fr\/wp-content\/uploads\/2024\/10\/back-pain-6949392_1280-533x300.jpg 533w\" sizes=\"(max-width: 1280px) 100vw, 1280px\" \/>\t\t\t\t\t\t<\/div>\n\t\t\t\t\t\n\t\t\t\t\t\t\t\t\t\t<div class=\"elementor-testimonial-details\">\n\t\t\t\t\t\t\t\t\t\t\t\t\t\t<div class=\"elementor-testimonial-name\">Anamn\u00e8se<\/div>\n\t\t\t\t\t\t\t\t\t\t\t\t\t\t\t\t\t\t\t<\/div>\n\t\t\t\t\t\t\t\t\t<\/div>\n\t\t\t<\/div>\n\t\t\t\t\t<\/div>\n\t\t\t\t\t\t<\/div>\n\t\t\t\t<div class=\"elementor-element elementor-element-7f117d33 elementor-widget__width-initial elementor-widget-mobile__width-inherit elementor-widget elementor-widget-testimonial\" data-id=\"7f117d33\" data-element_type=\"widget\" data-e-type=\"widget\" data-widget_type=\"testimonial.default\">\n\t\t\t\t\t\t\t<div class=\"elementor-testimonial-wrapper\">\n\t\t\t\t\t\t\t<div class=\"elementor-testimonial-content\">Puis, il analyse et teste les r\u00e9gions douloureuses d\u00e9sign\u00e9es par le patient, mais il prend \u00e9galement en compte la globalit\u00e9 du corps du patient afin de trouver l'origine de la douleur.<\/div>\n\t\t\t\n\t\t\t\t\t\t<div class=\"elementor-testimonial-meta elementor-has-image elementor-testimonial-image-position-aside\">\n\t\t\t\t<div class=\"elementor-testimonial-meta-inner\">\n\t\t\t\t\t\t\t\t\t\t\t<div class=\"elementor-testimonial-image\">\n\t\t\t\t\t\t\t<img decoding=\"async\" width=\"640\" height=\"640\" src=\"https:\/\/www.osteopathe-florent-paris.fr\/wp-content\/uploads\/2025\/09\/IMG_2665.jpg\" class=\"attachment-full size-full wp-image-800\" alt=\"Ost\u00e9opathe pratiquant une technique lombaire sur un patient allong\u00e9 sur le c\u00f4t\u00e9, le manipulant avec pr\u00e9cision sur la table de soin.\" srcset=\"https:\/\/www.osteopathe-florent-paris.fr\/wp-content\/uploads\/2025\/09\/IMG_2665.jpg 640w, https:\/\/www.osteopathe-florent-paris.fr\/wp-content\/uploads\/2025\/09\/IMG_2665-300x300.jpg 300w, https:\/\/www.osteopathe-florent-paris.fr\/wp-content\/uploads\/2025\/09\/IMG_2665-150x150.jpg 150w, https:\/\/www.osteopathe-florent-paris.fr\/wp-content\/uploads\/2025\/09\/IMG_2665-60x60.jpg 60w\" sizes=\"(max-width: 640px) 100vw, 640px\" \/>\t\t\t\t\t\t<\/div>\n\t\t\t\t\t\n\t\t\t\t\t\t\t\t\t\t<div class=\"elementor-testimonial-details\">\n\t\t\t\t\t\t\t\t\t\t\t\t\t\t<div class=\"elementor-testimonial-name\">Test <\/div>\n\t\t\t\t\t\t\t\t\t\t\t\t\t\t\t\t\t\t\t<\/div>\n\t\t\t\t\t\t\t\t\t<\/div>\n\t\t\t<\/div>\n\t\t\t\t\t<\/div>\n\t\t\t\t\t\t<\/div>\n\t\t\t\t<div class=\"elementor-element elementor-element-f7b784d elementor-widget__width-initial elementor-widget-mobile__width-inherit elementor-widget elementor-widget-testimonial\" data-id=\"f7b784d\" data-element_type=\"widget\" data-e-type=\"widget\" data-widget_type=\"testimonial.default\">\n\t\t\t\t\t\t\t<div class=\"elementor-testimonial-wrapper\">\n\t\t\t\t\t\t\t<div class=\"elementor-testimonial-content\">Enfin, le traitement ot\u00e9opathique qui s'\u00e9tablit toujours \u00e0 l'aide de techniques adapt\u00e9es au corps du patient. l'objectif est rel\u00e2cher les tensions pour retrouver un \u00e9quilibre corporel.<\/div>\n\t\t\t\n\t\t\t\t\t\t<div class=\"elementor-testimonial-meta elementor-has-image elementor-testimonial-image-position-aside\">\n\t\t\t\t<div class=\"elementor-testimonial-meta-inner\">\n\t\t\t\t\t\t\t\t\t\t\t<div class=\"elementor-testimonial-image\">\n\t\t\t\t\t\t\t<img decoding=\"async\" width=\"640\" height=\"426\" src=\"https:\/\/www.osteopathe-florent-paris.fr\/wp-content\/uploads\/2022\/06\/comment-se-deroule-une-seance-d-osteopathie.jpg\" class=\"attachment-full size-full wp-image-414\" alt=\"\" srcset=\"https:\/\/www.osteopathe-florent-paris.fr\/wp-content\/uploads\/2022\/06\/comment-se-deroule-une-seance-d-osteopathie.jpg 640w, https:\/\/www.osteopathe-florent-paris.fr\/wp-content\/uploads\/2022\/06\/comment-se-deroule-une-seance-d-osteopathie-300x200.jpg 300w, https:\/\/www.osteopathe-florent-paris.fr\/wp-content\/uploads\/2022\/06\/comment-se-deroule-une-seance-d-osteopathie-600x399.jpg 600w, https:\/\/www.osteopathe-florent-paris.fr\/wp-content\/uploads\/2022\/06\/comment-se-deroule-une-seance-d-osteopathie-451x300.jpg 451w\" sizes=\"(max-width: 640px) 100vw, 640px\" \/>\t\t\t\t\t\t<\/div>\n\t\t\t\t\t\n\t\t\t\t\t\t\t\t\t\t<div class=\"elementor-testimonial-details\">\n\t\t\t\t\t\t\t\t\t\t\t\t\t\t<div class=\"elementor-testimonial-name\">traitement<\/div>\n\t\t\t\t\t\t\t\t\t\t\t\t\t\t\t\t\t\t\t<\/div>\n\t\t\t\t\t\t\t\t\t<\/div>\n\t\t\t<\/div>\n\t\t\t\t\t<\/div>\n\t\t\t\t\t\t<\/div>\n\t\t\t\t<\/div>\n\t\t\t\t<\/div>\n\t\t<div class=\"elementor-element elementor-element-311cccc1 e-flex e-con-boxed e-con e-parent\" data-id=\"311cccc1\" data-element_type=\"container\" data-e-type=\"container\">\n\t\t\t\t\t<div class=\"e-con-inner\">\n\t\t\t\t<div class=\"elementor-element elementor-element-7a13f635 elementor-widget elementor-widget-heading\" data-id=\"7a13f635\" data-element_type=\"widget\" data-e-type=\"widget\" data-widget_type=\"heading.default\">\n\t\t\t\t\t<h3 class=\"elementor-heading-title elementor-size-default\">La dur\u00e9e d'une  s\u00e9ance<\/h3>\t\t\t\t<\/div>\n\t\t\t\t<div class=\"elementor-element elementor-element-27751042 elementor-widget elementor-widget-text-editor\" data-id=\"27751042\" data-element_type=\"widget\" data-e-type=\"widget\" data-widget_type=\"text-editor.default\">\n\t\t\t\t\t\t\t\t\t<p>Une consultation <strong>dure en moyenne 45 minutes \u00e0 1 heure<\/strong>. Elle comprend <strong>un temps d&#8217;\u00e9change<\/strong> (anamn\u00e8se) pour comprendre votre motif de consultation, <strong>des tests passifs et actifs<\/strong> pour identifier la douleur et les zones en restrictions et <strong>un traitement<\/strong> adapt\u00e9 pour soulager les tensions et r\u00e9tablir l&#8217;\u00e9quilibre du corps.<\/p>\t\t\t\t\t\t\t\t<\/div>\n\t\t\t\t<div class=\"elementor-element elementor-element-61f37316 elementor-skin-carousel elementor-widget elementor-widget-media-carousel\" data-id=\"61f37316\" data-element_type=\"widget\" data-e-type=\"widget\" data-settings=\"{&quot;slides_per_view&quot;:&quot;5&quot;,&quot;slides_to_scroll&quot;:&quot;1&quot;,&quot;space_between&quot;:{&quot;unit&quot;:&quot;px&quot;,&quot;size&quot;:31,&quot;sizes&quot;:[]},&quot;slides_per_view_tablet&quot;:&quot;4&quot;,&quot;slides_per_view_mobile&quot;:&quot;2&quot;,&quot;skin&quot;:&quot;carousel&quot;,&quot;effect&quot;:&quot;slide&quot;,&quot;speed&quot;:500,&quot;autoplay&quot;:&quot;yes&quot;,&quot;autoplay_speed&quot;:5000,&quot;loop&quot;:&quot;yes&quot;,&quot;pause_on_hover&quot;:&quot;yes&quot;,&quot;pause_on_interaction&quot;:&quot;yes&quot;,&quot;space_between_tablet&quot;:{&quot;unit&quot;:&quot;px&quot;,&quot;size&quot;:10,&quot;sizes&quot;:[]},&quot;space_between_mobile&quot;:{&quot;unit&quot;:&quot;px&quot;,&quot;size&quot;:10,&quot;sizes&quot;:[]}}\" data-widget_type=\"media-carousel.default\">\n\t\t\t\t\t\t\t\t\t\t<div class=\"elementor-main-swiper swiper\" role=\"region\" aria-roledescription=\"carousel\" aria-label=\"Diapositives\">\n\t\t\t\t<div class=\"swiper-wrapper\">\n\t\t\t\t\t\t\t\t\t\t\t<div class=\"swiper-slide\" role=\"group\" aria-roledescription=\"slide\">\n\t\t\t\t\t\t\t\t\t<div class=\"elementor-carousel-image\" role=\"img\" aria-label=\"l-osteopathe-pour-les-sportifs\" style=\"background-image: url(&#039;https:\/\/www.osteopathe-florent-paris.fr\/wp-content\/uploads\/2023\/02\/l-osteopathe-pour-les-sportifs.jpg&#039;)\">\n\n\t\t\t\n\t\t\t\t\t<\/div>\n\t\t\t\t\t\t\t\t<\/div>\n\t\t\t\t\t\t\t\t\t<\/div>\n\t\t\t\t\t\t\t<\/div>\n\t\t\t\t\t\t\t\t<\/div>\n\t\t\t\t\t<\/div>\n\t\t\t\t<\/div>\n\t\t<div class=\"elementor-element elementor-element-35d96af e-flex e-con-boxed e-con e-parent\" data-id=\"35d96af\" data-element_type=\"container\" data-e-type=\"container\">\n\t\t\t\t\t<div class=\"e-con-inner\">\n\t\t\t\t<div class=\"elementor-element elementor-element-61b4de7 elementor-align-center elementor-widget elementor-widget-button\" data-id=\"61b4de7\" data-element_type=\"widget\" data-e-type=\"widget\" data-widget_type=\"button.default\">\n\t\t\t\t\t\t\t\t\t\t<a class=\"elementor-button elementor-button-link elementor-size-sm\" href=\"https:\/\/www.doctolib.fr\/osteopathe\/paris\/eldrick-florent\">\n\t\t\t\t\t\t<span class=\"elementor-button-content-wrapper\">\n\t\t\t\t\t\t\t\t\t<span class=\"elementor-button-text\">Prendre rendez-vous<\/span>\n\t\t\t\t\t<\/span>\n\t\t\t\t\t<\/a>\n\t\t\t\t\t\t\t\t<\/div>\n\t\t\t\t\t<\/div>\n\t\t\t\t<\/div>\n\t\t\t\t<\/div>\n\t\t","protected":false},"excerpt":{"rendered":"<p>D\u00e9roulement d&#8217;une consultation L&#8217;ost\u00e9opathe \u00e9tablit un interrogatoire pr\u00e9cis afin de cibler le motif de consultation du patient ainsi que ses ant\u00e9c\u00e9dents m\u00e9dicaux, traumatiques, chirurgicaux. Anamn\u00e8se Puis, il analyse et teste les r\u00e9gions douloureuses d\u00e9sign\u00e9es par le patient, mais il prend \u00e9galement en compte la globalit\u00e9 du corps du patient afin [&hellip;]<\/p>\n","protected":false},"author":1,"featured_media":0,"parent":0,"menu_order":2,"comment_status":"closed","ping_status":"open","template":"","meta":{"om_disable_all_campaigns":false,"_monsterinsights_skip_tracking":false,"_monsterinsights_sitenote_active":false,"_monsterinsights_sitenote_note":"","_monsterinsights_sitenote_category":0,"footnotes":""},"class_list":["post-10","page","type-page","status-publish","hentry"],"aioseo_notices":[],"amp_enabled":true,"_links":{"self":[{"href":"https:\/\/www.osteopathe-florent-paris.fr\/index.php?rest_route=\/wp\/v2\/pages\/10","targetHints":{"allow":["GET"]}}],"collection":[{"href":"https:\/\/www.osteopathe-florent-paris.fr\/index.php?rest_route=\/wp\/v2\/pages"}],"about":[{"href":"https:\/\/www.osteopathe-florent-paris.fr\/index.php?rest_route=\/wp\/v2\/types\/page"}],"author":[{"embeddable":true,"href":"https:\/\/www.osteopathe-florent-paris.fr\/index.php?rest_route=\/wp\/v2\/users\/1"}],"replies":[{"embeddable":true,"href":"https:\/\/www.osteopathe-florent-paris.fr\/index.php?rest_route=%2Fwp%2Fv2%2Fcomments&post=10"}],"version-history":[{"count":20,"href":"https:\/\/www.osteopathe-florent-paris.fr\/index.php?rest_route=\/wp\/v2\/pages\/10\/revisions"}],"predecessor-version":[{"id":986,"href":"https:\/\/www.osteopathe-florent-paris.fr\/index.php?rest_route=\/wp\/v2\/pages\/10\/revisions\/986"}],"wp:attachment":[{"href":"https:\/\/www.osteopathe-florent-paris.fr\/index.php?rest_route=%2Fwp%2Fv2%2Fmedia&parent=10"}],"curies":[{"name":"wp","href":"https:\/\/api.w.org\/{rel}","templated":true}]}}