{"id":12,"date":"2011-01-17T21:28:08","date_gmt":"2011-01-17T20:28:08","guid":{"rendered":"http:\/\/s354454384.onlinehome.fr\/"},"modified":"2025-12-01T15:33:26","modified_gmt":"2025-12-01T14:33:26","slug":"formation","status":"publish","type":"page","link":"https:\/\/www.osteopathe-florent-paris.fr\/?page_id=12","title":{"rendered":"Votre ost\u00e9opathe"},"content":{"rendered":"\t\t<div data-elementor-type=\"wp-page\" data-elementor-id=\"12\" class=\"elementor elementor-12\" data-elementor-post-type=\"page\">\n\t\t\t\t<div class=\"elementor-element elementor-element-67a8504a e-flex e-con-boxed e-con e-parent\" data-id=\"67a8504a\" data-element_type=\"container\" data-e-type=\"container\" data-settings=\"{&quot;background_background&quot;:&quot;classic&quot;}\">\n\t\t\t\t\t<div class=\"e-con-inner\">\n\t\t\t\t<div class=\"elementor-element elementor-element-640a0761 elementor-widget elementor-widget-heading\" data-id=\"640a0761\" data-element_type=\"widget\" data-e-type=\"widget\" data-widget_type=\"heading.default\">\n\t\t\t\t\t<h1 class=\"elementor-heading-title elementor-size-default\">votre ost\u00e9opathe <\/h1>\t\t\t\t<\/div>\n\t\t\t\t\t<\/div>\n\t\t\t\t<\/div>\n\t\t<div class=\"elementor-element elementor-element-12b9441c e-con-full e-flex e-con e-parent\" data-id=\"12b9441c\" data-element_type=\"container\" data-e-type=\"container\" data-settings=\"{&quot;background_background&quot;:&quot;classic&quot;}\">\n\t\t\t\t<div class=\"elementor-element elementor-element-485c6238 elementor-widget elementor-widget-image\" data-id=\"485c6238\" data-element_type=\"widget\" data-e-type=\"widget\" data-widget_type=\"image.default\">\n\t\t\t\t\t\t\t\t\t\t\t\t\t\t\t<img fetchpriority=\"high\" decoding=\"async\" width=\"750\" height=\"500\" src=\"https:\/\/www.osteopathe-florent-paris.fr\/wp-content\/uploads\/2025\/12\/Eldrick-mPP2-1024x683.jpg\" class=\"attachment-large size-large wp-image-963\" alt=\"Portrait d&#039;un professionnel de sant\u00e9 en chemise blanche , souriant, transmettant chaleur et confiance sur un fond blanc\" srcset=\"https:\/\/www.osteopathe-florent-paris.fr\/wp-content\/uploads\/2025\/12\/Eldrick-mPP2-1024x683.jpg 1024w, https:\/\/www.osteopathe-florent-paris.fr\/wp-content\/uploads\/2025\/12\/Eldrick-mPP2-300x200.jpg 300w, https:\/\/www.osteopathe-florent-paris.fr\/wp-content\/uploads\/2025\/12\/Eldrick-mPP2-768x512.jpg 768w, https:\/\/www.osteopathe-florent-paris.fr\/wp-content\/uploads\/2025\/12\/Eldrick-mPP2-1536x1024.jpg 1536w, https:\/\/www.osteopathe-florent-paris.fr\/wp-content\/uploads\/2025\/12\/Eldrick-mPP2-2048x1365.jpg 2048w, https:\/\/www.osteopathe-florent-paris.fr\/wp-content\/uploads\/2025\/12\/Eldrick-mPP2-360x240.jpg 360w\" sizes=\"(max-width: 750px) 100vw, 750px\" \/>\t\t\t\t\t\t\t\t\t\t\t\t\t\t\t<\/div>\n\t\t\t\t<\/div>\n\t\t<div class=\"elementor-element elementor-element-56a61cb9 e-flex e-con-boxed e-con e-parent\" data-id=\"56a61cb9\" data-element_type=\"container\" data-e-type=\"container\">\n\t\t\t\t\t<div class=\"e-con-inner\">\n\t\t<div class=\"elementor-element elementor-element-67c7febe e-con-full e-flex e-con e-child\" data-id=\"67c7febe\" data-element_type=\"container\" data-e-type=\"container\">\n\t\t\t\t<div class=\"elementor-element elementor-element-35711de2 elementor-blockquote--skin-clean elementor-widget__width-inherit elementor-widget elementor-widget-blockquote\" data-id=\"35711de2\" data-element_type=\"widget\" data-e-type=\"widget\" data-widget_type=\"blockquote.default\">\n\t\t\t\t\t\t\t<blockquote class=\"elementor-blockquote\">\n\t\t\t<p class=\"elementor-blockquote__content\">\n\t\t\t\t\t\t\t<\/p>\n\t\t\t\t\t\t\t<div class=\"e-q-footer\">\n\t\t\t\t\t\t\t\t\t\t\t<cite class=\"elementor-blockquote__author\">Eldrick FLORENT  -  Ost\u00e9opathe D.O<\/cite>\n\t\t\t\t\t\t\t\t\t\t\t\t\t\t<\/div>\n\t\t\t\t\t<\/blockquote>\n\t\t\t\t\t\t<\/div>\n\t\t\t\t<\/div>\n\t\t\t\t\t<\/div>\n\t\t\t\t<\/div>\n\t\t<div class=\"elementor-element elementor-element-66c5223 e-flex e-con-boxed e-con e-parent\" data-id=\"66c5223\" data-element_type=\"container\" data-e-type=\"container\">\n\t\t\t\t\t<div class=\"e-con-inner\">\n\t\t\t\t<div class=\"elementor-element elementor-element-98210bf elementor-widget elementor-widget-text-editor\" data-id=\"98210bf\" data-element_type=\"widget\" data-e-type=\"widget\" data-widget_type=\"text-editor.default\">\n\t\t\t\t\t\t\t\t\t<h2><strong><span style=\"color: #003366;\">Qui suis-je ?<\/span><\/strong><\/h2>\n<p>Je suis FLORENT Eldrick, ost\u00e9opathe dipl\u00f4m\u00e9 et passionn\u00e9 par la sant\u00e9 globale du corps. Form\u00e9 \u00e0 l&#8217;\u00c9cole Sup\u00e9rieur d&#8217;ost\u00e9opathe Paris ( ESO), je pratique une ost\u00e9opathie douce, personnalis\u00e9e et adapt\u00e9e \u00e0 chaque patient.<\/p>\n<p>Mon approche repose sur l\u2019\u00e9coute, l\u2019observation et la compr\u00e9hension des interactions entre toutes les parties du corps. Chaque patient est unique, et chaque traitement doit l\u2019\u00eatre \u00e9galement.<\/p>\n<hr \/>\n<h3><strong><span style=\"color: #003366;\">Mes formations<\/span><\/strong><\/h3>\n<p>Pour offrir des soins de qualit\u00e9, j\u2019ai suivi un parcours complet et reconnu :<\/p>\n<ul>\n<li>\n<p>Dipl\u00f4me d\u2019Ost\u00e9opathie de\u00a0l&#8217;\u00c9cole Sup\u00e9rieur d&#8217;ost\u00e9opathe Paris ( ESO)\u00a0<\/p>\n<\/li>\n<li>\n<p>Formations compl\u00e9mentaires: le sportif \/ Nourrisson\/Somato-\u00e9motionnelle.<\/p>\n<\/li>\n<li>\n<p>Participation \u00e0 des s\u00e9minaires et conf\u00e9rences pour rester \u00e0 jour sur les derni\u00e8res pratiques et innovations en ost\u00e9opathie<\/p>\n<\/li>\n<\/ul>\n<p>Ces formations me permettent de proposer un traitement efficace, s\u00fbr et moderne, tout en respectant le corps et ses capacit\u00e9s d\u2019auto-r\u00e9gulation.<\/p>\n<hr \/>\n<h3><span style=\"color: #003366;\"><strong>Mon exp\u00e9rience<\/strong><\/span><\/h3>\n<p>Depuis 2023, j\u2019accompagne mes patients dans le soulagement de leurs douleurs et l\u2019am\u00e9lioration de leur bien-\u00eatre.\u00a0<\/p>\n<p>Chaque s\u00e9ance est le fruit de cette exp\u00e9rience, alliant techniques \u00e9prouv\u00e9es et approche personnalis\u00e9e, pour que votre corps retrouve \u00e9quilibre et mobilit\u00e9.<\/p>\n<hr \/>\n<h3><span style=\"color: #003366;\"><strong>Mes comp\u00e9tences<\/strong><\/span><\/h3>\n<p>Je ma\u00eetrise diff\u00e9rentes techniques adapt\u00e9es aux besoins de chacun :<\/p>\n<ul>\n<li>\n<p>Techniques structurelles : pour les articulations et muscles<\/p>\n<\/li>\n<li>\n<p>Techniques visc\u00e9rales : pour le bon fonctionnement des organes<\/p>\n<\/li>\n<li>\n<p>Techniques cr\u00e2niennes : pour le syst\u00e8me nerveux et l\u2019\u00e9quilibre g\u00e9n\u00e9ral<\/p>\n<\/li>\n<li>\n<p>Techniques myofasciales : pour rel\u00e2cher les tensions et am\u00e9liorer la posture<\/p>\n<\/li>\n<\/ul>\n<p>Chaque traitement est progressif, respectueux et cibl\u00e9, afin d\u2019obtenir des r\u00e9sultats durables.<\/p>\n<hr \/>\n<h3><strong><span style=\"color: #003366;\">Ma philosophie et mes valeurs<\/span><\/strong><\/h3>\n<p>Je consid\u00e8re que le corps poss\u00e8de une capacit\u00e9 naturelle \u00e0 s\u2019auto-r\u00e9guler. Mon r\u00f4le est de faciliter ce processus avec bienveillance.<\/p>\n<p>Mes valeurs :<\/p>\n<ul>\n<li>\n<p>\u00c9coute et respect : chaque patient est unique et m\u00e9rite une attention particuli\u00e8re<\/p>\n<\/li>\n<li>\n<p>Professionnalisme : des soins bas\u00e9s sur la science, la technique et l\u2019exp\u00e9rience<\/p>\n<\/li>\n<li>\n<p>Accompagnement : conseils pratiques et suivi personnalis\u00e9 pour am\u00e9liorer votre quotidien<\/p>\n<\/li>\n<\/ul>\t\t\t\t\t\t\t\t<\/div>\n\t\t\t\t\t<\/div>\n\t\t\t\t<\/div>\n\t\t\t\t<\/div>\n\t\t","protected":false},"excerpt":{"rendered":"<p>votre ost\u00e9opathe Eldrick FLORENT &#8211; Ost\u00e9opathe D.O Qui suis-je ? Je suis FLORENT Eldrick, ost\u00e9opathe dipl\u00f4m\u00e9 et passionn\u00e9 par la sant\u00e9 globale du corps. Form\u00e9 \u00e0 l&#8217;\u00c9cole Sup\u00e9rieur d&#8217;ost\u00e9opathe Paris ( ESO), je pratique une ost\u00e9opathie douce, personnalis\u00e9e et adapt\u00e9e \u00e0 chaque patient. Mon approche repose sur l\u2019\u00e9coute, l\u2019observation et [&hellip;]<\/p>\n","protected":false},"author":1,"featured_media":0,"parent":0,"menu_order":4,"comment_status":"closed","ping_status":"closed","template":"","meta":{"om_disable_all_campaigns":false,"_monsterinsights_skip_tracking":false,"_monsterinsights_sitenote_active":false,"_monsterinsights_sitenote_note":"","_monsterinsights_sitenote_category":0,"footnotes":""},"class_list":["post-12","page","type-page","status-publish","hentry"],"aioseo_notices":[],"amp_enabled":true,"_links":{"self":[{"href":"https:\/\/www.osteopathe-florent-paris.fr\/index.php?rest_route=\/wp\/v2\/pages\/12","targetHints":{"allow":["GET"]}}],"collection":[{"href":"https:\/\/www.osteopathe-florent-paris.fr\/index.php?rest_route=\/wp\/v2\/pages"}],"about":[{"href":"https:\/\/www.osteopathe-florent-paris.fr\/index.php?rest_route=\/wp\/v2\/types\/page"}],"author":[{"embeddable":true,"href":"https:\/\/www.osteopathe-florent-paris.fr\/index.php?rest_route=\/wp\/v2\/users\/1"}],"replies":[{"embeddable":true,"href":"https:\/\/www.osteopathe-florent-paris.fr\/index.php?rest_route=%2Fwp%2Fv2%2Fcomments&post=12"}],"version-history":[{"count":29,"href":"https:\/\/www.osteopathe-florent-paris.fr\/index.php?rest_route=\/wp\/v2\/pages\/12\/revisions"}],"predecessor-version":[{"id":974,"href":"https:\/\/www.osteopathe-florent-paris.fr\/index.php?rest_route=\/wp\/v2\/pages\/12\/revisions\/974"}],"wp:attachment":[{"href":"https:\/\/www.osteopathe-florent-paris.fr\/index.php?rest_route=%2Fwp%2Fv2%2Fmedia&parent=12"}],"curies":[{"name":"wp","href":"https:\/\/api.w.org\/{rel}","templated":true}]}}