{"id":7,"date":"2016-11-02T14:14:21","date_gmt":"2016-11-02T13:14:21","guid":{"rendered":"http:\/\/s354454384.onlinehome.fr\/"},"modified":"2025-09-24T15:35:00","modified_gmt":"2025-09-24T13:35:00","slug":"losteopathie","status":"publish","type":"page","link":"https:\/\/www.osteopathe-florent-paris.fr\/?page_id=7","title":{"rendered":"L&#8217;ost\u00e9opathie"},"content":{"rendered":"<h2><strong>Histoire de l\u2019ost\u00e9opathie<\/strong><\/h2>\n<p>L\u2019ost\u00e9opathie est n\u00e9e a la fin du XIX e si\u00e8cle aux \u00c9tats Unis ,mise au point et enseign\u00e9e par <a href=\"https:\/\/fr.wikipedia.org\/wiki\/Andrew_Taylor_Still\">Andrew Taylor Stil<\/a>l en 1874.<br \/>\nPour l\u2019ost\u00e9opathie l\u2019homme est un tout, en effet la prise en charge ost\u00e9opathique inscrit l\u2019homme dans sa globalit\u00e9.<\/p>\n<h2><strong>Le Concept<\/strong><\/h2>\n<p>L\u2019ost\u00e9opathie est une m\u00e9thode de soins qui s\u2019emploie \u00e0 d\u00e9terminer et \u00e0 traiter les restrictions de mobilit\u00e9 qui peuvent affecter l\u2019ensemble des structures composant le corps humain.<br \/>\nElle se base sur l\u2019id\u00e9e selon laquelle toute perte de mobilit\u00e9 naturelle des organes les uns par rapport aux autres appara\u00eet au niveau des muscles, des tendons, des visc\u00e8res, du cr\u00e2ne ou des enveloppes. Elle induit des dysfonctionnements provoquant un d\u00e9s\u00e9quilibre de l\u2019\u00e9tat de sant\u00e9.<br \/>\nL\u2019ost\u00e9opathie agit \u00e0 tout \u00e2ge de la vie et adapte son traitement en fonction de la plainte du patient et de la zone du corps \u00e0 corriger.<\/p>\n<h3><strong>Champs d\u2019application<\/strong><\/h3>\n<p>L\u2019ost\u00e9opathie s\u2019int\u00e9resse \u00e0 tous les grands syst\u00e8mes du corps:<br \/>\n&#8211; le syst\u00e8me orthop\u00e9dique: entorse, tendinites, lombalgies, pubalgies, dorsalgies, costalgies, cervicalgies, douleurs articulaires et douleurs coccygiennes.<br \/>\n&#8211; le syst\u00e8me neurologique: n\u00e9vralgie cervico brachiales, sciatiques, cruralgie, n\u00e9vralgie faciale et\u00a0 n\u00e9vralgie d\u2019Arnold.<br \/>\n&#8211; le syst\u00e8me circulatoire: troubles circulatoires des membres inf\u00e9rieurs, congestion veineuse et h\u00e9morro\u00efdes<br \/>\n&#8211; syst\u00e8me neuro v\u00e9g\u00e9tatif: stress, anxi\u00e9t\u00e9, \u00e9tat d\u00e9pressif, irritabilit\u00e9 et troubles du sommeil<br \/>\n&#8211; syst\u00e8me digestif: ballonnement, hernie hiatale, flatulences, colites, constipation, gastrite et digestion difficile<br \/>\n&#8211; syst\u00e8me ORL et pulmonaire: rhinites, sinusites chroniques, vertiges, c\u00e9phal\u00e9es, acouph\u00e8nes et troubles de la d\u00e9glutition.<\/p>\n<h3><strong>Quelques conseils de votre ost\u00e9opathe<\/strong><\/h3>\n<p>En dehors des s\u00e9ances d\u2019ost\u00e9opathie, le patient peut adopter une hygi\u00e8ne de vie pour pr\u00e9venir\u00a0 l\u2019apparition de troubles ou de blocages:<br \/>\n&#8211; \u00e9viter les produits transform\u00e9s, acidifiants et excitants<br \/>\n&#8211; boire 1,5l d\u2019eau par jour faible en min\u00e9raux ( ex: Mont Roucous, Eau d&#8217;Auvergne ).<br \/>\n&#8211; avoir une alimentation vari\u00e9e et \u00e9quilibr\u00e9e<br \/>\n&#8211; pratiquer un exercice physique<br \/>\n-\u00e9viter le stress<\/p>\n<h3><span style=\"color: #000000;\"><a style=\"color: #000000;\" href=\"https:\/\/www.montel-osteopathe.fr\/?p=176\"><strong>L\u2019ost\u00e9opathie et la petite enfance<\/strong><\/a><\/span><\/h3>\n<p>L\u2019ost\u00e9opathie est r\u00e9guli\u00e8rement utilis\u00e9e et tr\u00e8s efficace pour soigner des troubles rencontr\u00e9s chez le nourrisson comme chez l&#8217;enfant.<br \/>\nEn effet, au cours de la p\u00e9riode p\u00e9rinatale le cr\u00e2ne du nourrisson est soumis \u00e0 des pressions ainsi qu\u2019\u00e0 des manoeuvres obst\u00e9tricales pouvant entra\u00eener les troubles suivants : torticolis cong\u00e9nital, d\u00e9formation du cr\u00e2ne, coliques, r\u00e9gurgitations, troubles du sommeils, pleurs fr\u00e9quents et agitation&#8230;la liste n\u2019est pas exhaustive<br \/>\nLes cons\u00e9quences d\u2019affections obst\u00e9tricales lorsqu\u2019elle ne sont pas prises en charge \u00e0 temps peuvent entra\u00eener chez le jeune enfant les troubles suivants: hyperactivit\u00e9, rhinites, sinusites, troubles du comportement et du sommeil.<\/p>\n","protected":false},"excerpt":{"rendered":"<p>Histoire de l\u2019ost\u00e9opathie L\u2019ost\u00e9opathie est n\u00e9e a la fin du XIX e si\u00e8cle aux \u00c9tats Unis ,mise au point et enseign\u00e9e par Andrew Taylor Still en 1874. Pour l\u2019ost\u00e9opathie l\u2019homme est un tout, en effet la prise en charge ost\u00e9opathique inscrit l\u2019homme dans sa globalit\u00e9. Le Concept L\u2019ost\u00e9opathie est une [&hellip;]<\/p>\n","protected":false},"author":1,"featured_media":0,"parent":0,"menu_order":1,"comment_status":"closed","ping_status":"closed","template":"","meta":{"om_disable_all_campaigns":false,"_monsterinsights_skip_tracking":false,"_monsterinsights_sitenote_active":false,"_monsterinsights_sitenote_note":"","_monsterinsights_sitenote_category":0,"footnotes":""},"class_list":["post-7","page","type-page","status-publish","hentry"],"aioseo_notices":[],"amp_enabled":true,"_links":{"self":[{"href":"https:\/\/www.osteopathe-florent-paris.fr\/index.php?rest_route=\/wp\/v2\/pages\/7","targetHints":{"allow":["GET"]}}],"collection":[{"href":"https:\/\/www.osteopathe-florent-paris.fr\/index.php?rest_route=\/wp\/v2\/pages"}],"about":[{"href":"https:\/\/www.osteopathe-florent-paris.fr\/index.php?rest_route=\/wp\/v2\/types\/page"}],"author":[{"embeddable":true,"href":"https:\/\/www.osteopathe-florent-paris.fr\/index.php?rest_route=\/wp\/v2\/users\/1"}],"replies":[{"embeddable":true,"href":"https:\/\/www.osteopathe-florent-paris.fr\/index.php?rest_route=%2Fwp%2Fv2%2Fcomments&post=7"}],"version-history":[{"count":28,"href":"https:\/\/www.osteopathe-florent-paris.fr\/index.php?rest_route=\/wp\/v2\/pages\/7\/revisions"}],"predecessor-version":[{"id":816,"href":"https:\/\/www.osteopathe-florent-paris.fr\/index.php?rest_route=\/wp\/v2\/pages\/7\/revisions\/816"}],"wp:attachment":[{"href":"https:\/\/www.osteopathe-florent-paris.fr\/index.php?rest_route=%2Fwp%2Fv2%2Fmedia&parent=7"}],"curies":[{"name":"wp","href":"https:\/\/api.w.org\/{rel}","templated":true}]}}