{"id":718,"date":"2025-01-05T22:27:53","date_gmt":"2025-01-05T21:27:53","guid":{"rendered":"https:\/\/www.montel-osteopathe.fr\/?page_id=718"},"modified":"2025-01-05T23:41:31","modified_gmt":"2025-01-05T22:41:31","slug":"osteopathie-en-entreprise","status":"publish","type":"page","link":"https:\/\/www.osteopathe-florent-paris.fr\/?page_id=718","title":{"rendered":"OSTEOPATHIE EN ENTREPRISE"},"content":{"rendered":"\t\t<div data-elementor-type=\"wp-page\" data-elementor-id=\"718\" class=\"elementor elementor-718\" data-elementor-post-type=\"page\">\n\t\t\t\t\t\t<section class=\"elementor-section elementor-top-section elementor-element elementor-element-369b3f9 elementor-section-boxed elementor-section-height-default elementor-section-height-default\" data-id=\"369b3f9\" data-element_type=\"section\" data-e-type=\"section\">\n\t\t\t\t\t\t<div class=\"elementor-container elementor-column-gap-default\">\n\t\t\t\t\t<div class=\"elementor-column elementor-col-100 elementor-top-column elementor-element elementor-element-cfab307\" data-id=\"cfab307\" data-element_type=\"column\" data-e-type=\"column\">\n\t\t\t<div class=\"elementor-widget-wrap elementor-element-populated\">\n\t\t\t\t\t\t<div class=\"elementor-element elementor-element-7253134 elementor-widget__width-initial elementor-widget elementor-widget-text-editor\" data-id=\"7253134\" data-element_type=\"widget\" data-e-type=\"widget\" data-widget_type=\"text-editor.default\">\n\t\t\t\t\t\t\t\t\t<p style=\"text-align: center;\">Transformez la sant\u00e9 de vos \u00e9quipes<br \/>Boostez la performance de votre entreprise<\/p>\t\t\t\t\t\t\t\t<\/div>\n\t\t\t\t\t<\/div>\n\t\t<\/div>\n\t\t\t\t\t<\/div>\n\t\t<\/section>\n\t\t\t\t<section class=\"elementor-section elementor-top-section elementor-element elementor-element-fc420db elementor-section-boxed elementor-section-height-default elementor-section-height-default\" data-id=\"fc420db\" data-element_type=\"section\" data-e-type=\"section\">\n\t\t\t\t\t\t<div class=\"elementor-container elementor-column-gap-default\">\n\t\t\t\t\t<div class=\"elementor-column elementor-col-100 elementor-top-column elementor-element elementor-element-fdbdb9c\" data-id=\"fdbdb9c\" data-element_type=\"column\" data-e-type=\"column\">\n\t\t\t<div class=\"elementor-widget-wrap elementor-element-populated\">\n\t\t\t\t\t\t<div class=\"elementor-element elementor-element-007d798 elementor-widget elementor-widget-heading\" data-id=\"007d798\" data-element_type=\"widget\" data-e-type=\"widget\" data-widget_type=\"heading.default\">\n\t\t\t\t\t<h2 class=\"elementor-heading-title elementor-size-default\">VOS COLLABORATEURS SOUFFRENT EN SILENCE<\/h2>\t\t\t\t<\/div>\n\t\t\t\t\t<\/div>\n\t\t<\/div>\n\t\t\t\t\t<\/div>\n\t\t<\/section>\n\t\t\t\t<section class=\"elementor-section elementor-top-section elementor-element elementor-element-f6ce17b elementor-section-boxed elementor-section-height-default elementor-section-height-default\" data-id=\"f6ce17b\" data-element_type=\"section\" data-e-type=\"section\">\n\t\t\t\t\t\t<div class=\"elementor-container elementor-column-gap-default\">\n\t\t\t\t\t<div class=\"elementor-column elementor-col-100 elementor-top-column elementor-element elementor-element-35dde18\" data-id=\"35dde18\" data-element_type=\"column\" data-e-type=\"column\">\n\t\t\t<div class=\"elementor-widget-wrap elementor-element-populated\">\n\t\t\t\t\t\t<div class=\"elementor-element elementor-element-9653aa3 elementor-widget elementor-widget-text-editor\" data-id=\"9653aa3\" data-element_type=\"widget\" data-e-type=\"widget\" data-widget_type=\"text-editor.default\">\n\t\t\t\t\t\t\t\t\t<p>87% des maladies professionnelles sont li\u00e9es aux TMS<\/p><p>\u00c0 cet instant m\u00eame, dans votre entreprise :<\/p><ul><li>Vos collaborateurs subissent des douleurs chroniques<\/li><li>Le stress s&#8217;accumule jour apr\u00e8s jour<\/li><li>Les positions statiques devant l&#8217;\u00e9cran cr\u00e9ent des tensions<\/li><li>La fatigue physique impacte la concentration<\/li><\/ul>\t\t\t\t\t\t\t\t<\/div>\n\t\t\t\t\t<\/div>\n\t\t<\/div>\n\t\t\t\t\t<\/div>\n\t\t<\/section>\n\t\t\t\t<section class=\"elementor-section elementor-top-section elementor-element elementor-element-374781b elementor-section-boxed elementor-section-height-default elementor-section-height-default\" data-id=\"374781b\" data-element_type=\"section\" data-e-type=\"section\">\n\t\t\t\t\t\t<div class=\"elementor-container elementor-column-gap-default\">\n\t\t\t\t\t<div class=\"elementor-column elementor-col-100 elementor-top-column elementor-element elementor-element-f4fdb6a\" data-id=\"f4fdb6a\" data-element_type=\"column\" data-e-type=\"column\">\n\t\t\t<div class=\"elementor-widget-wrap elementor-element-populated\">\n\t\t\t\t\t\t<div class=\"elementor-element elementor-element-db5d1d9 elementor-widget elementor-widget-heading\" data-id=\"db5d1d9\" data-element_type=\"widget\" data-e-type=\"widget\" data-widget_type=\"heading.default\">\n\t\t\t\t\t<h2 class=\"elementor-heading-title elementor-size-default\"><h2>L'IMPACT SUR VOTRE ENTREPRISE<\/h2><\/h2>\t\t\t\t<\/div>\n\t\t\t\t\t<\/div>\n\t\t<\/div>\n\t\t\t\t\t<\/div>\n\t\t<\/section>\n\t\t\t\t<section class=\"elementor-section elementor-top-section elementor-element elementor-element-177590c elementor-section-boxed elementor-section-height-default elementor-section-height-default\" data-id=\"177590c\" data-element_type=\"section\" data-e-type=\"section\">\n\t\t\t\t\t\t<div class=\"elementor-container elementor-column-gap-default\">\n\t\t\t\t\t<div class=\"elementor-column elementor-col-100 elementor-top-column elementor-element elementor-element-c7dd43d\" data-id=\"c7dd43d\" data-element_type=\"column\" data-e-type=\"column\">\n\t\t\t<div class=\"elementor-widget-wrap elementor-element-populated\">\n\t\t\t\t\t\t<div class=\"elementor-element elementor-element-be6f5a3 elementor-widget elementor-widget-text-editor\" data-id=\"be6f5a3\" data-element_type=\"widget\" data-e-type=\"widget\" data-widget_type=\"text-editor.default\">\n\t\t\t\t\t\t\t\t\t<section style=\"box-sizing: border-box; display: block; color: #495762; font-family: Merriweather, serif; font-size: 16px; font-style: normal; font-variant-ligatures: normal; font-variant-caps: normal; font-weight: 300; letter-spacing: normal; orphans: 2; text-align: start; text-indent: 0px; text-transform: none; widows: 2; word-spacing: 0px; -webkit-text-stroke-width: 0px; white-space: normal; background-color: #ddd9d9; text-decoration-thickness: initial; text-decoration-style: initial; text-decoration-color: initial;\"><\/section><section class=\"highlight-box\" style=\"box-sizing: border-box; display: block; color: #495762; font-family: Merriweather, serif; font-size: 16px; font-style: normal; font-variant-ligatures: normal; font-variant-caps: normal; font-weight: 300; letter-spacing: normal; orphans: 2; text-align: start; text-indent: 0px; text-transform: none; widows: 2; word-spacing: 0px; -webkit-text-stroke-width: 0px; white-space: normal; background-color: #ddd9d9; text-decoration-thickness: initial; text-decoration-style: initial; text-decoration-color: initial;\"><ul style=\"box-sizing: border-box; margin: 0px 0px 1.6em 2.4em; padding: 0px; list-style: disc;\"><li style=\"box-sizing: border-box;\">Augmentation des arr\u00eats de travail<\/li><li style=\"box-sizing: border-box;\">Baisse de la concentration et de l&#8217;efficacit\u00e9<\/li><li style=\"box-sizing: border-box;\">D\u00e9motivation progressive des \u00e9quipes<\/li><li style=\"box-sizing: border-box;\">D\u00e9t\u00e9rioration de l&#8217;ambiance de travail<\/li><\/ul><\/section>\t\t\t\t\t\t\t\t<\/div>\n\t\t\t\t\t<\/div>\n\t\t<\/div>\n\t\t\t\t\t<\/div>\n\t\t<\/section>\n\t\t\t\t<section class=\"elementor-section elementor-top-section elementor-element elementor-element-82ae739 elementor-section-boxed elementor-section-height-default elementor-section-height-default\" data-id=\"82ae739\" data-element_type=\"section\" data-e-type=\"section\">\n\t\t\t\t\t\t<div class=\"elementor-container elementor-column-gap-default\">\n\t\t\t\t\t<div class=\"elementor-column elementor-col-100 elementor-top-column elementor-element elementor-element-716a826\" data-id=\"716a826\" data-element_type=\"column\" data-e-type=\"column\">\n\t\t\t<div class=\"elementor-widget-wrap elementor-element-populated\">\n\t\t\t\t\t\t<div class=\"elementor-element elementor-element-a31c91b elementor-widget elementor-widget-heading\" data-id=\"a31c91b\" data-element_type=\"widget\" data-e-type=\"widget\" data-widget_type=\"heading.default\">\n\t\t\t\t\t<h2 class=\"elementor-heading-title elementor-size-default\"><h2>TRANSFORMEZ VOTRE ENTREPRISE EN HAVRE DE BIEN-\u00caTRE<\/h2><\/h2>\t\t\t\t<\/div>\n\t\t\t\t<div class=\"elementor-element elementor-element-ba85c82 elementor-widget elementor-widget-text-editor\" data-id=\"ba85c82\" data-element_type=\"widget\" data-e-type=\"widget\" data-widget_type=\"text-editor.default\">\n\t\t\t\t\t\t\t\t\t<p>\u00a0<\/p><section style=\"box-sizing: border-box; display: block; color: #495762; font-family: Merriweather, serif; font-size: 16px; font-style: normal; font-variant-ligatures: normal; font-variant-caps: normal; font-weight: 300; letter-spacing: normal; orphans: 2; text-align: start; text-indent: 0px; text-transform: none; widows: 2; word-spacing: 0px; -webkit-text-stroke-width: 0px; white-space: normal; background-color: #ddd9d9; text-decoration-thickness: initial; text-decoration-style: initial; text-decoration-color: initial;\"><ul style=\"box-sizing: border-box; margin: 0px 0px 1.6em 2.4em; padding: 0px; list-style: disc;\"><li style=\"box-sizing: border-box;\"><img decoding=\"async\" class=\"emoji\" style=\"box-sizing: border-box; border: none; height: auto; max-width: 100%; display: inline !important; box-shadow: none; width: 1em !important; margin: 0px 0.07em !important; vertical-align: -0.1em !important; background: none !important; padding: 0px !important; border-radius: 0px;\" role=\"img\" draggable=\"false\" src=\"https:\/\/s.w.org\/images\/core\/emoji\/14.0.0\/svg\/2728.svg\" alt=\"\u2728\" \/>\u00a0Intervention sur site<\/li><li style=\"box-sizing: border-box;\"><img decoding=\"async\" class=\"emoji\" style=\"box-sizing: border-box; border: none; height: auto; max-width: 100%; display: inline !important; box-shadow: none; width: 1em !important; margin: 0px 0.07em !important; vertical-align: -0.1em !important; background: none !important; padding: 0px !important; border-radius: 0px;\" role=\"img\" draggable=\"false\" src=\"https:\/\/s.w.org\/images\/core\/emoji\/14.0.0\/svg\/2728.svg\" alt=\"\u2728\" \/>\u00a0S\u00e9ances personnalis\u00e9es selon les besoins<\/li><li style=\"box-sizing: border-box;\"><img decoding=\"async\" class=\"emoji\" style=\"box-sizing: border-box; border: none; height: auto; max-width: 100%; display: inline !important; box-shadow: none; width: 1em !important; margin: 0px 0.07em !important; vertical-align: -0.1em !important; background: none !important; padding: 0px !important; border-radius: 0px;\" role=\"img\" draggable=\"false\" src=\"https:\/\/s.w.org\/images\/core\/emoji\/14.0.0\/svg\/2728.svg\" alt=\"\u2728\" \/>\u00a0Suivi r\u00e9gulier pour un bien-\u00eatre durable<\/li><li style=\"box-sizing: border-box;\"><img decoding=\"async\" class=\"emoji\" style=\"box-sizing: border-box; border: none; height: auto; max-width: 100%; display: inline !important; box-shadow: none; width: 1em !important; margin: 0px 0.07em !important; vertical-align: -0.1em !important; background: none !important; padding: 0px !important; border-radius: 0px;\" role=\"img\" draggable=\"false\" src=\"https:\/\/s.w.org\/images\/core\/emoji\/14.0.0\/svg\/2728.svg\" alt=\"\u2728\" \/>\u00a0Pr\u00e9vention active des troubles musculo-squelettiques<\/li><\/ul><\/section>\t\t\t\t\t\t\t\t<\/div>\n\t\t\t\t\t<\/div>\n\t\t<\/div>\n\t\t\t\t\t<\/div>\n\t\t<\/section>\n\t\t\t\t<section class=\"elementor-section elementor-top-section elementor-element elementor-element-93bd74e elementor-section-boxed elementor-section-height-default elementor-section-height-default\" data-id=\"93bd74e\" data-element_type=\"section\" data-e-type=\"section\">\n\t\t\t\t\t\t<div class=\"elementor-container elementor-column-gap-default\">\n\t\t\t\t\t<div class=\"elementor-column elementor-col-100 elementor-top-column elementor-element elementor-element-b4b362f\" data-id=\"b4b362f\" data-element_type=\"column\" data-e-type=\"column\">\n\t\t\t<div class=\"elementor-widget-wrap elementor-element-populated\">\n\t\t\t\t\t\t<div class=\"elementor-element elementor-element-0d72393 elementor-widget__width-initial elementor-widget elementor-widget-heading\" data-id=\"0d72393\" data-element_type=\"widget\" data-e-type=\"widget\" data-widget_type=\"heading.default\">\n\t\t\t\t\t<h2 class=\"elementor-heading-title elementor-size-default\"><h2>VOS QUESTIONS<\/h2><\/h2>\t\t\t\t<\/div>\n\t\t\t\t\t<\/div>\n\t\t<\/div>\n\t\t\t\t\t<\/div>\n\t\t<\/section>\n\t\t\t\t<section class=\"elementor-section elementor-top-section elementor-element elementor-element-795bbd7 elementor-section-boxed elementor-section-height-default elementor-section-height-default\" data-id=\"795bbd7\" data-element_type=\"section\" data-e-type=\"section\">\n\t\t\t\t\t\t<div class=\"elementor-container elementor-column-gap-default\">\n\t\t\t\t\t<div class=\"elementor-column elementor-col-100 elementor-top-column elementor-element elementor-element-561bf6f\" data-id=\"561bf6f\" data-element_type=\"column\" data-e-type=\"column\">\n\t\t\t<div class=\"elementor-widget-wrap elementor-element-populated\">\n\t\t\t\t\t\t<div class=\"elementor-element elementor-element-4e76874 elementor-widget elementor-widget-text-editor\" data-id=\"4e76874\" data-element_type=\"widget\" data-e-type=\"widget\" data-widget_type=\"text-editor.default\">\n\t\t\t\t\t\t\t\t\t<p>\u00a0<\/p><section style=\"box-sizing: border-box; display: block; color: #495762; font-family: Merriweather, serif; font-size: 16px; font-style: normal; font-variant-ligatures: normal; font-variant-caps: normal; font-weight: 300; letter-spacing: normal; orphans: 2; text-align: start; text-indent: 0px; text-transform: none; widows: 2; word-spacing: 0px; -webkit-text-stroke-width: 0px; white-space: normal; background-color: #ddd9d9; text-decoration-thickness: initial; text-decoration-style: initial; text-decoration-color: initial;\"><p style=\"box-sizing: border-box; margin-bottom: 1.6em;\"><strong style=\"box-sizing: border-box; font-weight: bold;\">Combien de temps dure une s\u00e9ance ?<\/strong><br style=\"box-sizing: border-box;\" \/>Chaque s\u00e9ance dure entre 45 et 60 minutes, permettant une prise en charge compl\u00e8te.<\/p><p style=\"box-sizing: border-box; margin-bottom: 1.6em;\"><strong style=\"box-sizing: border-box; font-weight: bold;\">O\u00f9 se d\u00e9roulent les s\u00e9ances ?<\/strong><br style=\"box-sizing: border-box;\" \/>Dans une salle d\u00e9di\u00e9e et cosy de votre entreprise, \u00e9quip\u00e9e d&#8217;un petit bureau et d&#8217;un espace pour une table de pratique.<\/p><p style=\"box-sizing: border-box; margin-bottom: 1.6em;\"><strong style=\"box-sizing: border-box; font-weight: bold;\">Comment mettre en place ce service ?<\/strong><br style=\"box-sizing: border-box;\" \/>Contactez-moi pour \u00e9valuer vos besoins. Nous \u00e9tablirons ensemble un planning d&#8217;interventions adapt\u00e9 \u00e0 votre organisation.<\/p><\/section>\t\t\t\t\t\t\t\t<\/div>\n\t\t\t\t\t<\/div>\n\t\t<\/div>\n\t\t\t\t\t<\/div>\n\t\t<\/section>\n\t\t\t\t<section class=\"elementor-section elementor-top-section elementor-element elementor-element-46b4b03 elementor-section-boxed elementor-section-height-default elementor-section-height-default\" data-id=\"46b4b03\" data-element_type=\"section\" data-e-type=\"section\">\n\t\t\t\t\t\t<div class=\"elementor-container elementor-column-gap-default\">\n\t\t\t\t\t<div class=\"elementor-column elementor-col-100 elementor-top-column elementor-element elementor-element-8a42e4b\" data-id=\"8a42e4b\" data-element_type=\"column\" data-e-type=\"column\">\n\t\t\t<div class=\"elementor-widget-wrap elementor-element-populated\">\n\t\t\t\t\t\t<div class=\"elementor-element elementor-element-640db5a elementor-widget elementor-widget-heading\" data-id=\"640db5a\" data-element_type=\"widget\" data-e-type=\"widget\" data-widget_type=\"heading.default\">\n\t\t\t\t\t<h2 class=\"elementor-heading-title elementor-size-default\"><h2 style=\"text-align: center\">PRENEZ SOIN DE VOS \u00c9QUIPES<\/h2><\/h2>\t\t\t\t<\/div>\n\t\t\t\t\t<\/div>\n\t\t<\/div>\n\t\t\t\t\t<\/div>\n\t\t<\/section>\n\t\t\t\t<section class=\"elementor-section elementor-top-section elementor-element elementor-element-9eedc0a elementor-section-boxed elementor-section-height-default elementor-section-height-default\" data-id=\"9eedc0a\" data-element_type=\"section\" data-e-type=\"section\">\n\t\t\t\t\t\t<div class=\"elementor-container elementor-column-gap-default\">\n\t\t\t\t\t<div class=\"elementor-column elementor-col-100 elementor-top-column elementor-element elementor-element-3bbae41\" data-id=\"3bbae41\" data-element_type=\"column\" data-e-type=\"column\">\n\t\t\t<div class=\"elementor-widget-wrap elementor-element-populated\">\n\t\t\t\t\t\t<div class=\"elementor-element elementor-element-fc7c881 elementor-align-center elementor-widget elementor-widget-button\" data-id=\"fc7c881\" data-element_type=\"widget\" data-e-type=\"widget\" data-widget_type=\"button.default\">\n\t\t\t\t\t\t\t\t\t\t<a class=\"elementor-button elementor-button-link elementor-size-lg\" href=\"mailto:virginamontel@gmail.com\" target=\"_blank\">\n\t\t\t\t\t\t<span class=\"elementor-button-content-wrapper\">\n\t\t\t\t\t\t\t\t\t<span class=\"elementor-button-text\">Contactez-moi<\/span>\n\t\t\t\t\t<\/span>\n\t\t\t\t\t<\/a>\n\t\t\t\t\t\t\t\t<\/div>\n\t\t\t\t\t<\/div>\n\t\t<\/div>\n\t\t\t\t\t<\/div>\n\t\t<\/section>\n\t\t\t\t<section class=\"elementor-section elementor-top-section elementor-element elementor-element-9a02bd6 elementor-section-boxed elementor-section-height-default elementor-section-height-default\" data-id=\"9a02bd6\" data-element_type=\"section\" data-e-type=\"section\">\n\t\t\t\t\t\t<div class=\"elementor-container elementor-column-gap-default\">\n\t\t\t\t\t<div class=\"elementor-column elementor-col-100 elementor-top-column elementor-element elementor-element-ec1d1df\" data-id=\"ec1d1df\" data-element_type=\"column\" data-e-type=\"column\">\n\t\t\t<div class=\"elementor-widget-wrap elementor-element-populated\">\n\t\t\t\t\t\t<div class=\"elementor-element elementor-element-c16f9d4 elementor-widget elementor-widget-text-editor\" data-id=\"c16f9d4\" data-element_type=\"widget\" data-e-type=\"widget\" data-widget_type=\"text-editor.default\">\n\t\t\t\t\t\t\t\t\t<p>\u00a9 2025 Virgina Montel Ost\u00e9opathe |\u00a0<a style=\"background-color: #ddd9d9; transition-property: all;\" href=\"mailto:virginamontel@gmail.com\">virginamontel@gmail.com<\/a><\/p>\t\t\t\t\t\t\t\t<\/div>\n\t\t\t\t\t<\/div>\n\t\t<\/div>\n\t\t\t\t\t<\/div>\n\t\t<\/section>\n\t\t\t\t<section class=\"elementor-section elementor-top-section elementor-element elementor-element-5942d85 elementor-section-boxed elementor-section-height-default elementor-section-height-default\" data-id=\"5942d85\" data-element_type=\"section\" data-e-type=\"section\">\n\t\t\t\t\t\t<div class=\"elementor-container elementor-column-gap-default\">\n\t\t\t\t\t<div class=\"elementor-column elementor-col-100 elementor-top-column elementor-element elementor-element-24c39e1\" data-id=\"24c39e1\" data-element_type=\"column\" data-e-type=\"column\">\n\t\t\t<div class=\"elementor-widget-wrap elementor-element-populated\">\n\t\t\t\t\t\t<div class=\"elementor-element elementor-element-f7c5e86 elementor-widget elementor-widget-text-editor\" data-id=\"f7c5e86\" data-element_type=\"widget\" data-e-type=\"widget\" data-widget_type=\"text-editor.default\">\n\t\t\t\t\t\t\t\t\t<p><!-- Section 1 : Introduction --><\/p><section style=\"text-align: center; background-color: #f0f9f8; padding: 50px;\"><h1 style=\"font-size: 36px; color: #2c3e50;\">Vos \u00e9quipes souffrent de douleurs chroniques ?<\/h1><h2 style=\"font-size: 28px; color: #34495e;\">Le mal de dos co\u00fbte cher \u00e0 votre entreprise, mais une solution existe : des s\u00e9ances d\u2019ost\u00e9opathie au bureau et des conseils en posture !<\/h2><p><a style=\"background-color: #a3d8f4; color: #2c3e50; padding: 15px 30px; font-size: 18px; text-decoration: none; border-radius: 5px; margin-top: 20px; display: inline-block;\" href=\"#solution\">D\u00e9couvrir nos solutions pour vos \u00e9quipes<\/a><\/p><\/section><p><!-- Section 2 : Impact sur l'entreprise --><\/p><section style=\"display: flex; justify-content: space-around; background-color: #fafafa; padding: 50px;\"><div style=\"width: 45%;\"><p style=\"color: #333;\">Chaque jour perdu pour mal de dos ou tensions musculaires co\u00fbte \u00e0 votre entreprise en productivit\u00e9, motivation et finances. En agissant aujourd\u2019hui, vous r\u00e9duisez les absences prolong\u00e9es et les arr\u00eats maladie.<\/p><\/div><div style=\"width: 45%;\"><!-- Vous pouvez ajouter une image ou une infographie ici --><\/div><\/section><p><!-- Section 3 : D\u00e9tail de la solution --><\/p><section style=\"background-color: #d0eaf5; padding: 50px; text-align: center;\"><h2 style=\"color: #2c3e50; font-size: 30px;\">L\u2019ost\u00e9opathie et les conseils en posture : une solution sur-mesure pour vos \u00e9quipes.<\/h2><p style=\"color: #333;\">S\u00e9ances d\u2019ost\u00e9opathie directement dans vos locaux pour soulager les douleurs chroniques.<\/p><p style=\"color: #333;\">Conseils personnalis\u00e9s pour adopter les bonnes postures au travail et pr\u00e9venir les troubles musculo-squelettiques.<\/p><p><a style=\"background-color: #6fc3f7; color: white; padding: 15px 30px; font-size: 18px; text-decoration: none; border-radius: 5px; margin-top: 20px; display: inline-block;\" href=\"#contact\">Prenez soin de vos \u00e9quipes d\u00e8s aujourd\u2019hui !<\/a><\/p><\/section><p><!-- Section 4 : Formulaire de Contact et CTA final --><\/p><section id=\"contact\" style=\"background-color: #f7f7f7; padding: 50px; text-align: center;\"><h2 style=\"color: #2c3e50; font-size: 30px;\">Pr\u00eat \u00e0 faire le premier pas vers le bien-\u00eatre de vos \u00e9quipes ? Contactez-nous pour un diagnostic personnalis\u00e9.<\/h2><p><!-- Formulaire \u00e0 ajouter via Elementor ou un plugin --><br \/><a style=\"background-color: #a3d8f4; color: white; padding: 15px 30px; font-size: 18px; text-decoration: none; border-radius: 5px; margin-top: 20px; display: inline-block;\" href=\"#\">Demander un devis personnalis\u00e9<\/a><\/p><\/section>\t\t\t\t\t\t\t\t<\/div>\n\t\t\t\t\t<\/div>\n\t\t<\/div>\n\t\t\t\t\t<\/div>\n\t\t<\/section>\n\t\t\t\t<\/div>\n\t\t","protected":false},"excerpt":{"rendered":"<p>Transformez la sant\u00e9 de vos \u00e9quipesBoostez la performance de votre entreprise VOS COLLABORATEURS SOUFFRENT EN SILENCE 87% des maladies professionnelles sont li\u00e9es aux TMS \u00c0 cet instant m\u00eame, dans votre entreprise : Vos collaborateurs subissent des douleurs chroniques Le stress s&#8217;accumule jour apr\u00e8s jour Les positions statiques devant l&#8217;\u00e9cran cr\u00e9ent [&hellip;]<\/p>\n","protected":false},"author":1,"featured_media":0,"parent":0,"menu_order":0,"comment_status":"closed","ping_status":"closed","template":"","meta":{"om_disable_all_campaigns":false,"_monsterinsights_skip_tracking":false,"_monsterinsights_sitenote_active":false,"_monsterinsights_sitenote_note":"","_monsterinsights_sitenote_category":0,"footnotes":""},"class_list":["post-718","page","type-page","status-publish","hentry"],"aioseo_notices":[],"amp_enabled":true,"_links":{"self":[{"href":"https:\/\/www.osteopathe-florent-paris.fr\/index.php?rest_route=\/wp\/v2\/pages\/718","targetHints":{"allow":["GET"]}}],"collection":[{"href":"https:\/\/www.osteopathe-florent-paris.fr\/index.php?rest_route=\/wp\/v2\/pages"}],"about":[{"href":"https:\/\/www.osteopathe-florent-paris.fr\/index.php?rest_route=\/wp\/v2\/types\/page"}],"author":[{"embeddable":true,"href":"https:\/\/www.osteopathe-florent-paris.fr\/index.php?rest_route=\/wp\/v2\/users\/1"}],"replies":[{"embeddable":true,"href":"https:\/\/www.osteopathe-florent-paris.fr\/index.php?rest_route=%2Fwp%2Fv2%2Fcomments&post=718"}],"version-history":[{"count":34,"href":"https:\/\/www.osteopathe-florent-paris.fr\/index.php?rest_route=\/wp\/v2\/pages\/718\/revisions"}],"predecessor-version":[{"id":759,"href":"https:\/\/www.osteopathe-florent-paris.fr\/index.php?rest_route=\/wp\/v2\/pages\/718\/revisions\/759"}],"wp:attachment":[{"href":"https:\/\/www.osteopathe-florent-paris.fr\/index.php?rest_route=%2Fwp%2Fv2%2Fmedia&parent=718"}],"curies":[{"name":"wp","href":"https:\/\/api.w.org\/{rel}","templated":true}]}}